{"id":11186,"date":"2025-11-13T11:26:20","date_gmt":"2025-11-13T10:26:20","guid":{"rendered":"https:\/\/www.sutorglobal.com\/news\/"},"modified":"2025-11-13T11:26:22","modified_gmt":"2025-11-13T10:26:22","slug":"news","status":"publish","type":"page","link":"https:\/\/www.sutorglobal.com\/en\/news\/","title":{"rendered":"News"},"content":{"rendered":"\t\t<div data-elementor-type=\"wp-page\" data-elementor-id=\"11186\" class=\"elementor elementor-11186 elementor-7262\" data-elementor-post-type=\"page\">\n\t\t\t\t<div class=\"elementor-element elementor-element-2d6691a0 e-flex e-con-boxed e-con e-parent\" data-id=\"2d6691a0\" data-element_type=\"container\" data-settings=\"{&quot;background_background&quot;:&quot;classic&quot;}\">\n\t\t\t\t\t<div class=\"e-con-inner\">\n\t\t<div class=\"elementor-element elementor-element-1c4e71fb e-con-full e-flex e-con e-child\" data-id=\"1c4e71fb\" data-element_type=\"container\">\n\t\t\t\t<div class=\"elementor-element elementor-element-7c34cfbb elementor-widget elementor-widget-heading\" data-id=\"7c34cfbb\" data-element_type=\"widget\" data-widget_type=\"heading.default\">\n\t\t\t\t<div class=\"elementor-widget-container\">\n\t\t\t\t\t<h1 class=\"elementor-heading-title elementor-size-default\">News<\/h1>\t\t\t\t<\/div>\n\t\t\t\t<\/div>\n\t\t\t\t<div class=\"elementor-element elementor-element-336c17ef elementor-icon-list--layout-inline elementor-align-center elementor-list-item-link-full_width elementor-widget elementor-widget-icon-list\" data-id=\"336c17ef\" data-element_type=\"widget\" data-widget_type=\"icon-list.default\">\n\t\t\t\t<div class=\"elementor-widget-container\">\n\t\t\t\t\t\t\t<ul class=\"elementor-icon-list-items elementor-inline-items\">\n\t\t\t\t\t\t\t<li class=\"elementor-icon-list-item elementor-inline-item\">\n\t\t\t\t\t\t\t\t\t\t<span class=\"elementor-icon-list-text\">Home<\/span>\n\t\t\t\t\t\t\t\t\t<\/li>\n\t\t\t\t\t\t\t\t<li class=\"elementor-icon-list-item elementor-inline-item\">\n\t\t\t\t\t\t\t\t\t\t\t<span class=\"elementor-icon-list-icon\">\n\t\t\t\t\t\t\t<i aria-hidden=\"true\" class=\"fas fa-angle-right\"><\/i>\t\t\t\t\t\t<\/span>\n\t\t\t\t\t\t\t\t\t\t<span class=\"elementor-icon-list-text\"><\/span>\n\t\t\t\t\t\t\t\t\t<\/li>\n\t\t\t\t\t\t<\/ul>\n\t\t\t\t\t\t<\/div>\n\t\t\t\t<\/div>\n\t\t\t\t<\/div>\n\t\t\t\t\t<\/div>\n\t\t\t\t<\/div>\n\t\t<div class=\"elementor-element elementor-element-62eb6c70 e-flex e-con-boxed e-con e-parent\" data-id=\"62eb6c70\" data-element_type=\"container\">\n\t\t\t\t\t<div class=\"e-con-inner\">\n\t\t\t\t<div class=\"elementor-element elementor-element-27cb7ac elementor-nav-menu--dropdown-tablet elementor-nav-menu__text-align-aside elementor-nav-menu--toggle elementor-nav-menu--burger elementor-widget elementor-widget-nav-menu\" data-id=\"27cb7ac\" data-element_type=\"widget\" data-settings=\"{&quot;layout&quot;:&quot;horizontal&quot;,&quot;submenu_icon&quot;:{&quot;value&quot;:&quot;&lt;i class=\\&quot;fas fa-caret-down\\&quot; aria-hidden=\\&quot;true\\&quot;&gt;&lt;\\\/i&gt;&quot;,&quot;library&quot;:&quot;fa-solid&quot;},&quot;toggle&quot;:&quot;burger&quot;}\" data-widget_type=\"nav-menu.default\">\n\t\t\t\t<div class=\"elementor-widget-container\">\n\t\t\t\t\t\t\t\t<nav aria-label=\"Menu\" class=\"elementor-nav-menu--main elementor-nav-menu__container elementor-nav-menu--layout-horizontal e--pointer-underline e--animation-fade\">\n\t\t\t\t<ul id=\"menu-1-27cb7ac\" class=\"elementor-nav-menu\"><li class=\"menu-item menu-item-type-taxonomy menu-item-object-category menu-item-11209\"><a href=\"https:\/\/www.sutorglobal.com\/en\/category\/uncategorized\/\" class=\"elementor-item\">Uncategorized<\/a><\/li>\n<li class=\"menu-item menu-item-type-taxonomy menu-item-object-category menu-item-11210\"><a href=\"https:\/\/www.sutorglobal.com\/en\/category\/press-releases\/\" class=\"elementor-item\">Press Releases<\/a><\/li>\n<li class=\"menu-item menu-item-type-taxonomy menu-item-object-category menu-item-11211\"><a href=\"https:\/\/www.sutorglobal.com\/en\/category\/video\/\" class=\"elementor-item\">Video<\/a><\/li>\n<\/ul>\t\t\t<\/nav>\n\t\t\t\t\t<div class=\"elementor-menu-toggle\" role=\"button\" tabindex=\"0\" aria-label=\"Menu Toggle\" aria-expanded=\"false\">\n\t\t\t<i aria-hidden=\"true\" role=\"presentation\" class=\"elementor-menu-toggle__icon--open eicon-menu-bar\"><\/i><i aria-hidden=\"true\" role=\"presentation\" class=\"elementor-menu-toggle__icon--close eicon-close\"><\/i>\t\t<\/div>\n\t\t\t\t\t<nav class=\"elementor-nav-menu--dropdown elementor-nav-menu__container\" aria-hidden=\"true\">\n\t\t\t\t<ul id=\"menu-2-27cb7ac\" class=\"elementor-nav-menu\"><li class=\"menu-item menu-item-type-taxonomy menu-item-object-category menu-item-11209\"><a href=\"https:\/\/www.sutorglobal.com\/en\/category\/uncategorized\/\" class=\"elementor-item\" tabindex=\"-1\">Uncategorized<\/a><\/li>\n<li class=\"menu-item menu-item-type-taxonomy menu-item-object-category menu-item-11210\"><a href=\"https:\/\/www.sutorglobal.com\/en\/category\/press-releases\/\" class=\"elementor-item\" tabindex=\"-1\">Press Releases<\/a><\/li>\n<li class=\"menu-item menu-item-type-taxonomy menu-item-object-category menu-item-11211\"><a href=\"https:\/\/www.sutorglobal.com\/en\/category\/video\/\" class=\"elementor-item\" tabindex=\"-1\">Video<\/a><\/li>\n<\/ul>\t\t\t<\/nav>\n\t\t\t\t\t\t<\/div>\n\t\t\t\t<\/div>\n\t\t\t\t<div class=\"elementor-element elementor-element-74d350b0 elementor-posts__hover-none elementor-grid-3 elementor-grid-tablet-2 elementor-grid-mobile-1 elementor-posts--thumbnail-top elementor-widget elementor-widget-posts\" data-id=\"74d350b0\" data-element_type=\"widget\" data-settings=\"{&quot;cards_row_gap&quot;:{&quot;unit&quot;:&quot;px&quot;,&quot;size&quot;:24,&quot;sizes&quot;:[]},&quot;cards_row_gap_tablet&quot;:{&quot;unit&quot;:&quot;px&quot;,&quot;size&quot;:71,&quot;sizes&quot;:[]},&quot;cards_row_gap_mobile&quot;:{&quot;unit&quot;:&quot;px&quot;,&quot;size&quot;:30,&quot;sizes&quot;:[]},&quot;cards_masonry&quot;:&quot;yes&quot;,&quot;cards_columns&quot;:&quot;3&quot;,&quot;cards_columns_tablet&quot;:&quot;2&quot;,&quot;cards_columns_mobile&quot;:&quot;1&quot;}\" data-widget_type=\"posts.cards\">\n\t\t\t\t<div class=\"elementor-widget-container\">\n\t\t\t\t\t\t\t<div class=\"elementor-posts-container elementor-posts elementor-posts--skin-cards elementor-grid\" role=\"list\">\n\t\t\t\t<article class=\"elementor-post elementor-grid-item post-11190 post type-post status-publish format-standard has-post-thumbnail hentry category-press-releases\" role=\"listitem\">\n\t\t\t<div class=\"elementor-post__card\">\n\t\t\t\t<a class=\"elementor-post__thumbnail__link\" href=\"https:\/\/www.sutorglobal.com\/en\/sutor-global-to-support-young-hockey-players-in-a-unique-match\/\" tabindex=\"-1\" ><div class=\"elementor-post__thumbnail\"><img fetchpriority=\"high\" decoding=\"async\" width=\"1200\" height=\"928\" src=\"https:\/\/www.sutorglobal.com\/wp-content\/uploads\/2025\/07\/TZ-unikatni-zapas-mladezniku.webp\" class=\"attachment-full size-full wp-image-7466\" alt=\"TZ unika\u0301tni\u0301 za\u0301pas mla\u0301dez\u030cni\u0301ku\u030a\" srcset=\"https:\/\/www.sutorglobal.com\/wp-content\/uploads\/2025\/07\/TZ-unikatni-zapas-mladezniku.webp 1200w, https:\/\/www.sutorglobal.com\/wp-content\/uploads\/2025\/07\/TZ-unikatni-zapas-mladezniku-300x232.webp 300w, https:\/\/www.sutorglobal.com\/wp-content\/uploads\/2025\/07\/TZ-unikatni-zapas-mladezniku-1024x792.webp 1024w, https:\/\/www.sutorglobal.com\/wp-content\/uploads\/2025\/07\/TZ-unikatni-zapas-mladezniku-768x594.webp 768w\" sizes=\"(max-width: 1200px) 100vw, 1200px\" \/><\/div><\/a>\n\t\t\t\t<div class=\"elementor-post__text\">\n\t\t\t\t<h4 class=\"elementor-post__title\">\n\t\t\t<a href=\"https:\/\/www.sutorglobal.com\/en\/sutor-global-to-support-young-hockey-players-in-a-unique-match\/\" >\n\t\t\t\tSUTOR Global to Support Young Hockey Players in a&nbsp;Unique Match\t\t\t<\/a>\n\t\t<\/h4>\n\t\t\t\t<div class=\"elementor-post__excerpt\">\n\t\t\t<p>SUTOR Global will become the main partner of a&nbsp;unique hockey evening for young hockey players.<\/p>\n\t\t<\/div>\n\t\t\n\t\t<a class=\"elementor-post__read-more\" href=\"https:\/\/www.sutorglobal.com\/en\/sutor-global-to-support-young-hockey-players-in-a-unique-match\/\" aria-label=\"Read more about SUTOR Global to Support Young Hockey Players in a&nbsp;Unique Match\" tabindex=\"-1\" >\n\t\t\tRead more\t\t<\/a>\n\n\t\t\t\t<\/div>\n\t\t\t\t\t<\/div>\n\t\t<\/article>\n\t\t\t\t<article class=\"elementor-post elementor-grid-item post-11188 post type-post status-publish format-standard has-post-thumbnail hentry category-uncategorized\" role=\"listitem\">\n\t\t\t<div class=\"elementor-post__card\">\n\t\t\t\t<a class=\"elementor-post__thumbnail__link\" href=\"https:\/\/www.sutorglobal.com\/en\/the-young-hockey-players-of-litvinov-enjoyed-a-unique-match-in-an-extraleague-atmosphere\/\" tabindex=\"-1\" ><div class=\"elementor-post__thumbnail\"><img decoding=\"async\" width=\"1200\" height=\"928\" src=\"https:\/\/www.sutorglobal.com\/wp-content\/uploads\/2025\/07\/Mali-hokejiste-Litvinova-si-uzili-unikatni-zapas-v-extraligove-atmosfere-2.webp\" class=\"attachment-full size-full wp-image-7436\" alt=\"Mali\u0301 hokejiste\u0301 Litvi\u0301nova si uz\u030cili unika\u0301tni\u0301 za\u0301pas v extraligove\u0301 atmosfe\u0301r\u030ce 2\" srcset=\"https:\/\/www.sutorglobal.com\/wp-content\/uploads\/2025\/07\/Mali-hokejiste-Litvinova-si-uzili-unikatni-zapas-v-extraligove-atmosfere-2.webp 1200w, https:\/\/www.sutorglobal.com\/wp-content\/uploads\/2025\/07\/Mali-hokejiste-Litvinova-si-uzili-unikatni-zapas-v-extraligove-atmosfere-2-300x232.webp 300w, https:\/\/www.sutorglobal.com\/wp-content\/uploads\/2025\/07\/Mali-hokejiste-Litvinova-si-uzili-unikatni-zapas-v-extraligove-atmosfere-2-1024x792.webp 1024w, https:\/\/www.sutorglobal.com\/wp-content\/uploads\/2025\/07\/Mali-hokejiste-Litvinova-si-uzili-unikatni-zapas-v-extraligove-atmosfere-2-768x594.webp 768w\" sizes=\"(max-width: 1200px) 100vw, 1200px\" \/><\/div><\/a>\n\t\t\t\t<div class=\"elementor-post__text\">\n\t\t\t\t<h4 class=\"elementor-post__title\">\n\t\t\t<a href=\"https:\/\/www.sutorglobal.com\/en\/the-young-hockey-players-of-litvinov-enjoyed-a-unique-match-in-an-extraleague-atmosphere\/\" >\n\t\t\t\tThe Young Hockey Players of Litv\u00ednov Enjoyed a&nbsp;Unique Match in an Extraleague Atmosphere.\t\t\t<\/a>\n\t\t<\/h4>\n\t\t\t\t<div class=\"elementor-post__excerpt\">\n\t\t\t<p>A unique hockey evening supported by SUTOR Global provided young players from HC Litv\u00ednov and<\/p>\n\t\t<\/div>\n\t\t\n\t\t<a class=\"elementor-post__read-more\" href=\"https:\/\/www.sutorglobal.com\/en\/the-young-hockey-players-of-litvinov-enjoyed-a-unique-match-in-an-extraleague-atmosphere\/\" aria-label=\"Read more about The Young Hockey Players of Litv\u00ednov Enjoyed a&nbsp;Unique Match in an Extraleague Atmosphere.\" tabindex=\"-1\" >\n\t\t\tRead more\t\t<\/a>\n\n\t\t\t\t<\/div>\n\t\t\t\t\t<\/div>\n\t\t<\/article>\n\t\t\t\t<article class=\"elementor-post elementor-grid-item post-11184 post type-post status-publish format-standard has-post-thumbnail hentry category-uncategorized\" role=\"listitem\">\n\t\t\t<div class=\"elementor-post__card\">\n\t\t\t\t<a class=\"elementor-post__thumbnail__link\" href=\"https:\/\/www.sutorglobal.com\/en\/sutor-global-will-show-its-dragon-power-again-at-lake-matylda\/\" tabindex=\"-1\" ><div class=\"elementor-post__thumbnail\"><img decoding=\"async\" width=\"1200\" height=\"928\" src=\"https:\/\/www.sutorglobal.com\/wp-content\/uploads\/2025\/07\/SUTOR-Global-znovu-ukaze-svou-draci-silu-na-jezere-Matylda.webp\" class=\"attachment-full size-full wp-image-6819\" alt=\"SUTOR Global znovu uka\u0301z\u030ce svou drac\u030ci\u0301 si\u0301lu na jezer\u030ce Matylda\" srcset=\"https:\/\/www.sutorglobal.com\/wp-content\/uploads\/2025\/07\/SUTOR-Global-znovu-ukaze-svou-draci-silu-na-jezere-Matylda.webp 1200w, https:\/\/www.sutorglobal.com\/wp-content\/uploads\/2025\/07\/SUTOR-Global-znovu-ukaze-svou-draci-silu-na-jezere-Matylda-300x232.webp 300w, https:\/\/www.sutorglobal.com\/wp-content\/uploads\/2025\/07\/SUTOR-Global-znovu-ukaze-svou-draci-silu-na-jezere-Matylda-1024x792.webp 1024w, https:\/\/www.sutorglobal.com\/wp-content\/uploads\/2025\/07\/SUTOR-Global-znovu-ukaze-svou-draci-silu-na-jezere-Matylda-768x594.webp 768w\" sizes=\"(max-width: 1200px) 100vw, 1200px\" \/><\/div><\/a>\n\t\t\t\t<div class=\"elementor-post__text\">\n\t\t\t\t<h4 class=\"elementor-post__title\">\n\t\t\t<a href=\"https:\/\/www.sutorglobal.com\/en\/sutor-global-will-show-its-dragon-power-again-at-lake-matylda\/\" >\n\t\t\t\tSUTOR Global Will Show its Dragon Power Again at Lake Matylda\t\t\t<\/a>\n\t\t<\/h4>\n\t\t\t\t<div class=\"elementor-post__excerpt\">\n\t\t\t<p>As tradition holds, SUTOR Global will participate in one of the region&#8217;s&nbsp;most popular sporting and<\/p>\n\t\t<\/div>\n\t\t\n\t\t<a class=\"elementor-post__read-more\" href=\"https:\/\/www.sutorglobal.com\/en\/sutor-global-will-show-its-dragon-power-again-at-lake-matylda\/\" aria-label=\"Read more about SUTOR Global Will Show its Dragon Power Again at Lake Matylda\" tabindex=\"-1\" >\n\t\t\tRead more\t\t<\/a>\n\n\t\t\t\t<\/div>\n\t\t\t\t\t<\/div>\n\t\t<\/article>\n\t\t\t\t<article class=\"elementor-post elementor-grid-item post-11159 post type-post status-publish format-standard has-post-thumbnail hentry category-press-releases\" role=\"listitem\">\n\t\t\t<div class=\"elementor-post__card\">\n\t\t\t\t<a class=\"elementor-post__thumbnail__link\" href=\"https:\/\/www.sutorglobal.com\/en\/sutor-global-joins-forces-with-world-champion-ondrej-kase-and-his-brother-david-are-the-main-faces-of-the-new-advertisement\/\" tabindex=\"-1\" ><div class=\"elementor-post__thumbnail\"><img loading=\"lazy\" decoding=\"async\" width=\"1200\" height=\"928\" src=\"https:\/\/www.sutorglobal.com\/wp-content\/uploads\/2025\/07\/TZ-Reklama-s-mistrem-sveta-1.webp\" class=\"attachment-full size-full wp-image-7462\" alt=\"TZ Reklama s mistrem sve\u030cta\" srcset=\"https:\/\/www.sutorglobal.com\/wp-content\/uploads\/2025\/07\/TZ-Reklama-s-mistrem-sveta-1.webp 1200w, https:\/\/www.sutorglobal.com\/wp-content\/uploads\/2025\/07\/TZ-Reklama-s-mistrem-sveta-1-300x232.webp 300w, https:\/\/www.sutorglobal.com\/wp-content\/uploads\/2025\/07\/TZ-Reklama-s-mistrem-sveta-1-1024x792.webp 1024w, https:\/\/www.sutorglobal.com\/wp-content\/uploads\/2025\/07\/TZ-Reklama-s-mistrem-sveta-1-768x594.webp 768w\" sizes=\"(max-width: 1200px) 100vw, 1200px\" \/><\/div><\/a>\n\t\t\t\t<div class=\"elementor-post__text\">\n\t\t\t\t<h4 class=\"elementor-post__title\">\n\t\t\t<a href=\"https:\/\/www.sutorglobal.com\/en\/sutor-global-joins-forces-with-world-champion-ondrej-kase-and-his-brother-david-are-the-main-faces-of-the-new-advertisement\/\" >\n\t\t\t\tSUTOR Global joins forces with world champion: Ond\u0159ej Ka\u0161e and his brother David are the main faces of the new advertisement\t\t\t<\/a>\n\t\t<\/h4>\n\t\t\t\t<div class=\"elementor-post__excerpt\">\n\t\t\t<p>SUTOR Global has produced a&nbsp;unique commercial featuring hockey brothers Ond\u0159ej and David Ka\u0161e in the<\/p>\n\t\t<\/div>\n\t\t\n\t\t<a class=\"elementor-post__read-more\" href=\"https:\/\/www.sutorglobal.com\/en\/sutor-global-joins-forces-with-world-champion-ondrej-kase-and-his-brother-david-are-the-main-faces-of-the-new-advertisement\/\" aria-label=\"Read more about SUTOR Global joins forces with world champion: Ond\u0159ej Ka\u0161e and his brother David are the main faces of the new advertisement\" tabindex=\"-1\" >\n\t\t\tRead more\t\t<\/a>\n\n\t\t\t\t<\/div>\n\t\t\t\t\t<\/div>\n\t\t<\/article>\n\t\t\t\t<article class=\"elementor-post elementor-grid-item post-11146 post type-post status-publish format-standard has-post-thumbnail hentry category-video\" role=\"listitem\">\n\t\t\t<div class=\"elementor-post__card\">\n\t\t\t\t<a class=\"elementor-post__thumbnail__link\" href=\"https:\/\/www.sutorglobal.com\/en\/sutor-global-and-sports-summer-2024-olympic-atmosphere-at-lake-most\/\" tabindex=\"-1\" ><div class=\"elementor-post__thumbnail\"><img loading=\"lazy\" decoding=\"async\" width=\"1200\" height=\"928\" src=\"https:\/\/www.sutorglobal.com\/wp-content\/uploads\/2025\/06\/Stage-OF.webp\" class=\"attachment-full size-full wp-image-7477\" alt=\"Stage OF - olympijsk\u00e9 m\u011bste\u010dko 2024 u jezera Most\" srcset=\"https:\/\/www.sutorglobal.com\/wp-content\/uploads\/2025\/06\/Stage-OF.webp 1200w, https:\/\/www.sutorglobal.com\/wp-content\/uploads\/2025\/06\/Stage-OF-300x232.webp 300w, https:\/\/www.sutorglobal.com\/wp-content\/uploads\/2025\/06\/Stage-OF-1024x792.webp 1024w, https:\/\/www.sutorglobal.com\/wp-content\/uploads\/2025\/06\/Stage-OF-768x594.webp 768w\" sizes=\"(max-width: 1200px) 100vw, 1200px\" \/><\/div><\/a>\n\t\t\t\t<div class=\"elementor-post__text\">\n\t\t\t\t<h4 class=\"elementor-post__title\">\n\t\t\t<a href=\"https:\/\/www.sutorglobal.com\/en\/sutor-global-and-sports-summer-2024-olympic-atmosphere-at-lake-most\/\" >\n\t\t\t\tSUTOR Global and Sports Summer 2024: Olympic Atmosphere at Lake Most\t\t\t<\/a>\n\t\t<\/h4>\n\t\t\t\t<div class=\"elementor-post__excerpt\">\n\t\t\t<p>The year 2024 was mainly marked by sports. Czech sports enthusiasts could also taste the<\/p>\n\t\t<\/div>\n\t\t\n\t\t<a class=\"elementor-post__read-more\" href=\"https:\/\/www.sutorglobal.com\/en\/sutor-global-and-sports-summer-2024-olympic-atmosphere-at-lake-most\/\" aria-label=\"Read more about SUTOR Global and Sports Summer 2024: Olympic Atmosphere at Lake Most\" tabindex=\"-1\" >\n\t\t\tRead more\t\t<\/a>\n\n\t\t\t\t<\/div>\n\t\t\t\t\t<\/div>\n\t\t<\/article>\n\t\t\t\t<article class=\"elementor-post elementor-grid-item post-11136 post type-post status-publish format-standard has-post-thumbnail hentry category-uncategorized\" role=\"listitem\">\n\t\t\t<div class=\"elementor-post__card\">\n\t\t\t\t<a class=\"elementor-post__thumbnail__link\" href=\"https:\/\/www.sutorglobal.com\/en\/tg27-turbine-insulation-in-komorany\/\" tabindex=\"-1\" ><div class=\"elementor-post__thumbnail\"><img loading=\"lazy\" decoding=\"async\" width=\"1200\" height=\"928\" src=\"https:\/\/www.sutorglobal.com\/wp-content\/uploads\/2025\/07\/Izolace-turbiny-TG27-v-Komoranech.webp\" class=\"attachment-full size-full wp-image-7425\" alt=\"Izolace turb\u00edny TG27 v Komo\u0159anech \u2013 precizn\u00ed pr\u00e1ce s unik\u00e1tn\u00edmi v\u00fdzvami\" srcset=\"https:\/\/www.sutorglobal.com\/wp-content\/uploads\/2025\/07\/Izolace-turbiny-TG27-v-Komoranech.webp 1200w, https:\/\/www.sutorglobal.com\/wp-content\/uploads\/2025\/07\/Izolace-turbiny-TG27-v-Komoranech-300x232.webp 300w, https:\/\/www.sutorglobal.com\/wp-content\/uploads\/2025\/07\/Izolace-turbiny-TG27-v-Komoranech-1024x792.webp 1024w, https:\/\/www.sutorglobal.com\/wp-content\/uploads\/2025\/07\/Izolace-turbiny-TG27-v-Komoranech-768x594.webp 768w\" sizes=\"(max-width: 1200px) 100vw, 1200px\" \/><\/div><\/a>\n\t\t\t\t<div class=\"elementor-post__text\">\n\t\t\t\t<h4 class=\"elementor-post__title\">\n\t\t\t<a href=\"https:\/\/www.sutorglobal.com\/en\/tg27-turbine-insulation-in-komorany\/\" >\n\t\t\t\tTG27 Turbine Insulation in Komo\u0159any\t\t\t<\/a>\n\t\t<\/h4>\n\t\t\t\t<div class=\"elementor-post__excerpt\">\n\t\t\t<p>For many, insulation is merely synonymous with boring foam and endless kilometers of sheet metal.<\/p>\n\t\t<\/div>\n\t\t\n\t\t<a class=\"elementor-post__read-more\" href=\"https:\/\/www.sutorglobal.com\/en\/tg27-turbine-insulation-in-komorany\/\" aria-label=\"Read more about TG27 Turbine Insulation in Komo\u0159any\" tabindex=\"-1\" >\n\t\t\tRead more\t\t<\/a>\n\n\t\t\t\t<\/div>\n\t\t\t\t\t<\/div>\n\t\t<\/article>\n\t\t\t\t<\/div>\n\t\t\n\t\t\t\t\t\t<\/div>\n\t\t\t\t<\/div>\n\t\t\t\t\t<\/div>\n\t\t\t\t<\/div>\n\t\t\t\t<\/div>\n\t\t","protected":false},"excerpt":{"rendered":"<p>News Home<\/p>\n","protected":false},"author":1,"featured_media":0,"parent":0,"menu_order":0,"comment_status":"closed","ping_status":"closed","template":"","meta":{"footnotes":""},"class_list":["post-11186","page","type-page","status-publish","hentry"],"_links":{"self":[{"href":"https:\/\/www.sutorglobal.com\/en\/wp-json\/wp\/v2\/pages\/11186","targetHints":{"allow":["GET"]}}],"collection":[{"href":"https:\/\/www.sutorglobal.com\/en\/wp-json\/wp\/v2\/pages"}],"about":[{"href":"https:\/\/www.sutorglobal.com\/en\/wp-json\/wp\/v2\/types\/page"}],"author":[{"embeddable":true,"href":"https:\/\/www.sutorglobal.com\/en\/wp-json\/wp\/v2\/users\/1"}],"replies":[{"embeddable":true,"href":"https:\/\/www.sutorglobal.com\/en\/wp-json\/wp\/v2\/comments?post=11186"}],"version-history":[{"count":1,"href":"https:\/\/www.sutorglobal.com\/en\/wp-json\/wp\/v2\/pages\/11186\/revisions"}],"predecessor-version":[{"id":11187,"href":"https:\/\/www.sutorglobal.com\/en\/wp-json\/wp\/v2\/pages\/11186\/revisions\/11187"}],"wp:attachment":[{"href":"https:\/\/www.sutorglobal.com\/en\/wp-json\/wp\/v2\/media?parent=11186"}],"curies":[{"name":"wp","href":"https:\/\/api.w.org\/{rel}","templated":true}]}}